{"id":147,"date":"2018-02-23T20:35:47","date_gmt":"2018-02-23T19:35:47","guid":{"rendered":"http:\/\/bonnouedu.com\/?page_id=147"},"modified":"2019-08-07T11:55:28","modified_gmt":"2019-08-07T09:55:28","slug":"conocenos","status":"publish","type":"page","link":"https:\/\/bonnouedu.com\/ca\/conocenos\/","title":{"rendered":"QUI SOM?"},"content":{"rendered":"<h1>QUI SOM?<\/h1>\n<div class=\"row\">\n<div class=\"col-md-8 col-sm-12\" style=\"text-align: justify; font-size: large;\">BonNouEdu S.L \u00e9s una start-up (tipus cooperativa) formada per professionals de l&#8217;educaci\u00f3 i inform\u00e0tics. Neix el 2011 amb l&#8217;objectiu de crear continguts digitals de Ci\u00e8ncies i Matem\u00e0tiques per a l&#8217;educaci\u00f3 prim\u00e0ria i secund\u00e0ria. Aquests continguts s&#8217;integren a la plataforma Moodle amb la intenci\u00f3 de dinamitzar el treball a l&#8217;aula, alliberant al professorat de tasques mon\u00f2tones i facilitant l&#8217;avaluaci\u00f3 dels alumnes. D&#8217;aquesta manera, pretenem ajudar a evolucionar l&#8217;ensenyament cap a un futur on la tecnologia educativa \u00e9s ja una eina essencial en el desenvolupament d&#8217;un aprenentatge \u00f2ptim i eficient.<\/div>\n<div class=\"col-md-4 col-sm-12\"><a href=\"http:\/\/bonnouedu.com\/wp-content\/uploads\/2018\/02\/log-cercle-trans.png\"><img loading=\"lazy\" decoding=\"async\" class=\"wp-image-218 aligncenter\" src=\"http:\/\/bonnouedu.com\/wp-content\/uploads\/2018\/02\/log-cercle-trans-300x300.png\" alt=\"\" width=\"219\" height=\"220\" srcset=\"https:\/\/bonnouedu.com\/wp-content\/uploads\/2018\/02\/log-cercle-trans-300x300.png 300w, https:\/\/bonnouedu.com\/wp-content\/uploads\/2018\/02\/log-cercle-trans-150x150.png 150w\" sizes=\"auto, (max-width: 219px) 100vw, 219px\" \/><\/a><\/div>\n<\/div>\n","protected":false},"excerpt":{"rendered":"<p>QUI SOM? BonNouEdu S.L \u00e9s una start-up (tipus cooperativa) formada per professionals de l&#8217;educaci\u00f3 i inform\u00e0tics. Neix el 2011 amb l&#8217;objectiu de crear continguts digitals de Ci\u00e8ncies i Matem\u00e0tiques per &#8230;<\/p>\n","protected":false},"author":1,"featured_media":0,"parent":0,"menu_order":0,"comment_status":"closed","ping_status":"closed","template":"template-fullwidth.php","meta":{"footnotes":""},"class_list":["post-147","page","type-page","status-publish","hentry"],"_links":{"self":[{"href":"https:\/\/bonnouedu.com\/ca\/wp-json\/wp\/v2\/pages\/147","targetHints":{"allow":["GET"]}}],"collection":[{"href":"https:\/\/bonnouedu.com\/ca\/wp-json\/wp\/v2\/pages"}],"about":[{"href":"https:\/\/bonnouedu.com\/ca\/wp-json\/wp\/v2\/types\/page"}],"author":[{"embeddable":true,"href":"https:\/\/bonnouedu.com\/ca\/wp-json\/wp\/v2\/users\/1"}],"replies":[{"embeddable":true,"href":"https:\/\/bonnouedu.com\/ca\/wp-json\/wp\/v2\/comments?post=147"}],"version-history":[{"count":17,"href":"https:\/\/bonnouedu.com\/ca\/wp-json\/wp\/v2\/pages\/147\/revisions"}],"predecessor-version":[{"id":490,"href":"https:\/\/bonnouedu.com\/ca\/wp-json\/wp\/v2\/pages\/147\/revisions\/490"}],"wp:attachment":[{"href":"https:\/\/bonnouedu.com\/ca\/wp-json\/wp\/v2\/media?parent=147"}],"curies":[{"name":"wp","href":"https:\/\/api.w.org\/{rel}","templated":true}]}}