{"id":150,"date":"2018-02-23T20:36:30","date_gmt":"2018-02-23T19:36:30","guid":{"rendered":"http:\/\/bonnouedu.com\/?page_id=150"},"modified":"2019-08-07T12:01:45","modified_gmt":"2019-08-07T10:01:45","slug":"moodle","status":"publish","type":"page","link":"https:\/\/bonnouedu.com\/ca\/moodle\/","title":{"rendered":"CURSOS MOODLE"},"content":{"rendered":"<p><!-- **** Text servicis pagina principal --><\/p>\n<div style=\"display: none;\">Els cursos s\u00f3n creats i gestionats mitjan\u00e7ant plataforma Moodle. La cosa permet una infinitat de possibilitats per dinamitzar la classe i permetre l&#8217;ensenyament a dist\u00e0ncia, de manera que amb un sol navegador web els alumnes siguin capa\u00e7os d&#8217;accedir a tot el material did\u00e0ctic de l&#8217;assignatura en q\u00fcesti\u00f3.<\/div>\n<p><!-- **** Text servicis pagina principal --><\/p>\n<h1>MOODLE<\/h1>\n<div class=\"row\">\n<div class=\"col-md-8 col-sm-12\">\n<p>Moodle \u00e9s una eina de gesti\u00f3 d&#8217;aprenentatge (LMS) de distribuci\u00f3 lliure, escrita en PHP. Concebuda per a ajudar els educadors a crear comunitats d&#8217;aprenentatge en l\u00ednia, educaci\u00f3 a dist\u00e0ncia, classe invertida i diversos projectes d&#8217;e-learning en escoles, universitats, oficines i altres sectors.<\/p>\n<h6>Caracteristicas<\/h6>\n<ul>\n<li>\u00c9s f\u00e0cil d&#8217;utilitzar<\/li>\n<li>Codi obert<\/li>\n<li>\u00c9s molt flexible i personalitzable<\/li>\n<li>Es pot usar en qualsevol dispositiu<\/li>\n<li>\u00c9s multi idioma<\/li>\n<li>\u00c9s segur<\/li>\n<\/ul>\n<p>Espanya a m\u00e9s \u00e9s el segon pa\u00eds on m\u00e9s s&#8217;utilitza aquesta plataforma. <a href=\"https:\/\/moodle.net\/stats\/\" target=\"_blank\" rel=\"noopener noreferrer\">Est\u00e1distiques moodle<\/a><br \/>\n<a class=\"btn btn-primary\" href=\"https:\/\/moodle.org\" target=\"_blank\" rel=\"noopener noreferrer\">P\u00e0gina oficial<\/a><\/p>\n<\/div>\n<div class=\"col-md-4 col-sm-12\"><img loading=\"lazy\" decoding=\"async\" class=\"wp-image-227 aligncenter\" src=\"http:\/\/bonnouedu.com\/wp-content\/uploads\/2018\/02\/Moodle-Icon-1024-corners-300x300.png\" alt=\"\" width=\"250\" height=\"250\" srcset=\"https:\/\/bonnouedu.com\/wp-content\/uploads\/2018\/02\/Moodle-Icon-1024-corners-300x300.png 300w, https:\/\/bonnouedu.com\/wp-content\/uploads\/2018\/02\/Moodle-Icon-1024-corners-150x150.png 150w, https:\/\/bonnouedu.com\/wp-content\/uploads\/2018\/02\/Moodle-Icon-1024-corners-768x768.png 768w, https:\/\/bonnouedu.com\/wp-content\/uploads\/2018\/02\/Moodle-Icon-1024-corners.png 1024w\" sizes=\"auto, (max-width: 250px) 100vw, 250px\" \/><\/div>\n<\/div>\n","protected":false},"excerpt":{"rendered":"<p>Els cursos s\u00f3n creats i gestionats mitjan\u00e7ant plataforma Moodle. La cosa permet una infinitat de possibilitats per dinamitzar la classe i permetre l&#8217;ensenyament a dist\u00e0ncia, de manera que amb un &#8230;<\/p>\n","protected":false},"author":1,"featured_media":0,"parent":0,"menu_order":0,"comment_status":"closed","ping_status":"closed","template":"template-fullwidth.php","meta":{"footnotes":""},"class_list":["post-150","page","type-page","status-publish","hentry"],"_links":{"self":[{"href":"https:\/\/bonnouedu.com\/ca\/wp-json\/wp\/v2\/pages\/150","targetHints":{"allow":["GET"]}}],"collection":[{"href":"https:\/\/bonnouedu.com\/ca\/wp-json\/wp\/v2\/pages"}],"about":[{"href":"https:\/\/bonnouedu.com\/ca\/wp-json\/wp\/v2\/types\/page"}],"author":[{"embeddable":true,"href":"https:\/\/bonnouedu.com\/ca\/wp-json\/wp\/v2\/users\/1"}],"replies":[{"embeddable":true,"href":"https:\/\/bonnouedu.com\/ca\/wp-json\/wp\/v2\/comments?post=150"}],"version-history":[{"count":19,"href":"https:\/\/bonnouedu.com\/ca\/wp-json\/wp\/v2\/pages\/150\/revisions"}],"predecessor-version":[{"id":493,"href":"https:\/\/bonnouedu.com\/ca\/wp-json\/wp\/v2\/pages\/150\/revisions\/493"}],"wp:attachment":[{"href":"https:\/\/bonnouedu.com\/ca\/wp-json\/wp\/v2\/media?parent=150"}],"curies":[{"name":"wp","href":"https:\/\/api.w.org\/{rel}","templated":true}]}}