{"id":167,"date":"2018-02-23T20:53:29","date_gmt":"2018-02-23T19:53:29","guid":{"rendered":"http:\/\/bonnouedu.com\/?page_id=167"},"modified":"2019-08-07T11:53:48","modified_gmt":"2019-08-07T09:53:48","slug":"contenidos-didacticos","status":"publish","type":"page","link":"https:\/\/bonnouedu.com\/ca\/contenidos-didacticos\/","title":{"rendered":"CONTINGUTS DID\u00c0CTICS"},"content":{"rendered":"<div style=\"display: none;\">Estem en constant creaci\u00f3 de materials did\u00e0ctics tant per als cursos en Moodle, com per als quaderns complementaris a paper. Gr\u00e0cies a Moodle podem crear f\u00e0cilment aquests recursos s\u00f3n multiling\u00fces (catal\u00e0 i valenci\u00e0)<\/div>\n<p><!-- **** Text servicis pagina principal --><\/p>\n<h1>CONTINGUTS DID\u00c0CTICS<\/h1>\n<div class=\"row\">\n<div class=\"col-md-8 col-sm-12\">Estem en constant creaci\u00f3 de materials did\u00e0ctics tant per als cursos en Moodle, com per als quaderns complementaris a paper. Gr\u00e0cies a Moodle podem crear f\u00e0cilment aquests recursos s\u00f3n multiling\u00fces (catal\u00e0 i valenci\u00e0)<\/div>\n<div class=\"col-md-4 col-sm-12\"><img loading=\"lazy\" decoding=\"async\" class=\"alignnone size-medium wp-image-235\" src=\"https:\/\/bonnouedu.com\/wp-content\/uploads\/2018\/02\/contenidos-300x300.png\" alt=\"\" width=\"300\" height=\"300\" srcset=\"https:\/\/bonnouedu.com\/wp-content\/uploads\/2018\/02\/contenidos-300x300.png 300w, https:\/\/bonnouedu.com\/wp-content\/uploads\/2018\/02\/contenidos-150x150.png 150w, https:\/\/bonnouedu.com\/wp-content\/uploads\/2018\/02\/contenidos.png 340w\" sizes=\"auto, (max-width: 300px) 100vw, 300px\" \/><\/div>\n<\/div>\n","protected":false},"excerpt":{"rendered":"<p>Estem en constant creaci\u00f3 de materials did\u00e0ctics tant per als cursos en Moodle, com per als quaderns complementaris a paper. Gr\u00e0cies a Moodle podem crear f\u00e0cilment aquests recursos s\u00f3n multiling\u00fces &#8230;<\/p>\n","protected":false},"author":1,"featured_media":0,"parent":0,"menu_order":0,"comment_status":"closed","ping_status":"closed","template":"template-fullwidth.php","meta":{"footnotes":""},"class_list":["post-167","page","type-page","status-publish","hentry"],"_links":{"self":[{"href":"https:\/\/bonnouedu.com\/ca\/wp-json\/wp\/v2\/pages\/167","targetHints":{"allow":["GET"]}}],"collection":[{"href":"https:\/\/bonnouedu.com\/ca\/wp-json\/wp\/v2\/pages"}],"about":[{"href":"https:\/\/bonnouedu.com\/ca\/wp-json\/wp\/v2\/types\/page"}],"author":[{"embeddable":true,"href":"https:\/\/bonnouedu.com\/ca\/wp-json\/wp\/v2\/users\/1"}],"replies":[{"embeddable":true,"href":"https:\/\/bonnouedu.com\/ca\/wp-json\/wp\/v2\/comments?post=167"}],"version-history":[{"count":12,"href":"https:\/\/bonnouedu.com\/ca\/wp-json\/wp\/v2\/pages\/167\/revisions"}],"predecessor-version":[{"id":489,"href":"https:\/\/bonnouedu.com\/ca\/wp-json\/wp\/v2\/pages\/167\/revisions\/489"}],"wp:attachment":[{"href":"https:\/\/bonnouedu.com\/ca\/wp-json\/wp\/v2\/media?parent=167"}],"curies":[{"name":"wp","href":"https:\/\/api.w.org\/{rel}","templated":true}]}}